{"id":1633,"date":"2017-05-20T13:03:19","date_gmt":"2017-05-20T13:03:19","guid":{"rendered":"https:\/\/ginger.forqy.website\/restaurant\/?page_id=64"},"modified":"2024-10-14T21:41:04","modified_gmt":"2024-10-14T21:41:04","slug":"carta","status":"publish","type":"page","link":"https:\/\/dmare.pt\/es\/carta\/","title":{"rendered":"Carta"},"content":{"rendered":"<p style=\"text-align: center;\">A carta menu da nossa petisqueira \u00e9 um convite \u00e0 partilha e \u00e0 descoberta de sabores. <br \/>Geralmente, apresenta uma variedade de petiscos t\u00edpicos, ideais para serem saboreados com amigos e familiares.<\/p>","protected":false},"excerpt":{"rendered":"<p>A carta menu da nossa petisqueira \u00e9 um convite \u00e0 partilha e \u00e0 descoberta de &#8230;<\/p>","protected":false},"author":1,"featured_media":0,"parent":0,"menu_order":25,"comment_status":"closed","ping_status":"closed","template":"template-menu-sections.php","meta":{"footnotes":""},"class_list":["post-1633","page","type-page","status-publish","hentry"],"_links":{"self":[{"href":"https:\/\/dmare.pt\/es\/wp-json\/wp\/v2\/pages\/1633","targetHints":{"allow":["GET"]}}],"collection":[{"href":"https:\/\/dmare.pt\/es\/wp-json\/wp\/v2\/pages"}],"about":[{"href":"https:\/\/dmare.pt\/es\/wp-json\/wp\/v2\/types\/page"}],"author":[{"embeddable":true,"href":"https:\/\/dmare.pt\/es\/wp-json\/wp\/v2\/users\/1"}],"replies":[{"embeddable":true,"href":"https:\/\/dmare.pt\/es\/wp-json\/wp\/v2\/comments?post=1633"}],"version-history":[{"count":4,"href":"https:\/\/dmare.pt\/es\/wp-json\/wp\/v2\/pages\/1633\/revisions"}],"predecessor-version":[{"id":1940,"href":"https:\/\/dmare.pt\/es\/wp-json\/wp\/v2\/pages\/1633\/revisions\/1940"}],"wp:attachment":[{"href":"https:\/\/dmare.pt\/es\/wp-json\/wp\/v2\/media?parent=1633"}],"curies":[{"name":"wp","href":"https:\/\/api.w.org\/{rel}","templated":true}]}}