{"id":3,"date":"2024-10-09T09:40:42","date_gmt":"2024-10-09T09:40:42","guid":{"rendered":"https:\/\/dmare.pt\/?page_id=3"},"modified":"2026-04-29T15:57:23","modified_gmt":"2026-04-29T15:57:23","slug":"politica-de-privacidade","status":"publish","type":"page","link":"https:\/\/dmare.pt\/en\/politica-de-privacidade\/","title":{"rendered":"Privacy Policy"},"content":{"rendered":"<div class=\"fy-shortcode-centerer fy-centerer fy-centerer-75\">\n<div class=\"fy-shortcode-container fy-flex-container fy-flex-container-top fy-flex-gutter-medium\">\n<div class=\"fy-shortcode-column fy-flex-column-auto\">\n<p>O site D&#8217;Mar\u00e9 utiliza cookies que permitem melhorar a sua experi\u00eancia de navega\u00e7\u00e3o.<\/p>\n<p>What are cookies: Cookies are small files that are transferred to the User's computer\/smartphone\/tablet when they access certain web pages and that allow us to save the User's browsing preferences, making the interaction between the User and the Website quicker and easier.<\/p>\n<p>We use third-party cookies (Google analytics) for statistical purposes. They do not contain personal information and are used to improve the User's experience on the Website. Their purpose is to collect general information about visits to the site, the number of visitors, the time spent on the site, the pages clicked on or where visitors have come from.<\/p>\n<p>The User may at any time access their browser settings to modify and\/or block the installation of cookies sent from the Website, without this preventing access to the content.<\/p>\n<p>Data collection via the contact form<\/p>\n<p>Na p\u00e1gina \u201cContacto\u201c, est\u00e1 presente um formul\u00e1rio de contacto com recolha dos dados: Nome, Email, Telefone e mensagem. Este formul\u00e1rio de contacto destina-se ao envio volunt\u00e1rio. O D&#8217;Mar\u00e9 conservar\u00e1 e manter\u00e1 pelo per\u00edodo necess\u00e1rio as informa\u00e7\u00f5es\/candidaturas enviadas via formul\u00e1rio para avalia\u00e7\u00e3o dos candidatos.<\/p>\n<p>If the data subject wishes to exercise their right to erasure of their personal data and information provided by them, they can request this via email: geral@dmare.pt <a href=\"mailto:geral@dmare.pt\">geral@dmare.pt<\/a><\/p>\n<p>Links to other sites<\/p>\n<p>O site D&#8217;Mar\u00e9  cont\u00e9m ao longo dos seus conte\u00fados, hiperliga\u00e7\u00f5es (links) para p\u00e1ginas de outros websites. O D&#8217;Mar\u00e9 n\u00e3o se responsabiliza pelas pol\u00edticas de privacidade desses mesmos websites. Recomendamos que, quando acedam a outros websites, consultem a informa\u00e7\u00e3o respectiva das suas pol\u00edticas de privacidade.<\/p>\n<p>Reservations and Vouchers:<\/p>\n<p>Atrav\u00e9s da p\u00e1gina de \u201dReservas\u201c, disponibilizamos uma liga\u00e7\u00e3o r\u00e1pida e c\u00f3moda para efectuar reserva no nosso restaurante. S\u00f3 ser\u00e3o aceites reservas para o dia seguinte ao pedido e depois de confirmadas pelo D&#8217;Mar\u00e9 por e-mail para o destinat\u00e1rio da reserva. Existe ainda a possibilidade de fazer a reserva num outro website, esse link, dessa p\u00e1gina direciona o Utilizador para um outro website onde est\u00e1 dispon\u00edvel uma ferramenta de gest\u00e3o de reservas, da responsabilidade da Doleyapp (https:\/\/www.doleyapp.com\/) cuja respectiva pol\u00edtica de privacidade poder\u00e1 consultar <a href=\"https:\/\/www.doleyapp.com\/privacy-policy\" rel=\"noopener\" target=\"_blank\">here.<\/a>.<\/p>\n<p>Toda a informa\u00e7\u00e3o e dados pessoais facultados por si ou a que o D&#8217;Mar\u00e9 tenha acesso atrav\u00e9s da aplica\u00e7\u00e3o de reservas Doleyap destinam-se exclusivamente para fins ligados \u00e0 presta\u00e7\u00e3o do servi\u00e7o. O mesmo acontece com os dados do formul\u00e1rio para aquisi\u00e7\u00e3o do voucher online. O D&#8217;Mar\u00e9 n\u00e3o transmite essas informa\u00e7\u00f5es a terceiros e garante toda a sua confidencialidade.<\/p>\n<\/div>\n<\/div>\n<\/div>","protected":false},"excerpt":{"rendered":"","protected":false},"author":1,"featured_media":0,"parent":0,"menu_order":0,"comment_status":"closed","ping_status":"closed","template":"","meta":{"footnotes":""},"class_list":["post-3","page","type-page","status-publish","hentry"],"_links":{"self":[{"href":"https:\/\/dmare.pt\/en\/wp-json\/wp\/v2\/pages\/3","targetHints":{"allow":["GET"]}}],"collection":[{"href":"https:\/\/dmare.pt\/en\/wp-json\/wp\/v2\/pages"}],"about":[{"href":"https:\/\/dmare.pt\/en\/wp-json\/wp\/v2\/types\/page"}],"author":[{"embeddable":true,"href":"https:\/\/dmare.pt\/en\/wp-json\/wp\/v2\/users\/1"}],"replies":[{"embeddable":true,"href":"https:\/\/dmare.pt\/en\/wp-json\/wp\/v2\/comments?post=3"}],"version-history":[{"count":6,"href":"https:\/\/dmare.pt\/en\/wp-json\/wp\/v2\/pages\/3\/revisions"}],"predecessor-version":[{"id":3211,"href":"https:\/\/dmare.pt\/en\/wp-json\/wp\/v2\/pages\/3\/revisions\/3211"}],"wp:attachment":[{"href":"https:\/\/dmare.pt\/en\/wp-json\/wp\/v2\/media?parent=3"}],"curies":[{"name":"wp","href":"https:\/\/api.w.org\/{rel}","templated":true}]}}